{"id":1823,"date":"2024-08-14T17:37:13","date_gmt":"2024-08-14T14:37:13","guid":{"rendered":"https:\/\/velingradsuites.com\/?page_id=1823"},"modified":"2024-08-16T11:29:10","modified_gmt":"2024-08-16T08:29:10","slug":"blog","status":"publish","type":"page","link":"https:\/\/velingradsuites.com\/de\/blog\/","title":{"rendered":"Blog"},"content":{"rendered":"<div data-elementor-type=\"wp-page\" data-elementor-id=\"1823\" class=\"elementor elementor-1823\">\n\t\t\t\t<div class=\"elementor-element elementor-element-5d714bd e-flex e-con-boxed e-con e-parent\" data-id=\"5d714bd\" data-element_type=\"container\" data-settings=\"{&quot;hoteller_ext_is_background_parallax&quot;:&quot;false&quot;,&quot;hoteller_ext_is_background_on_scroll&quot;:&quot;false&quot;,&quot;hoteller_ext_link_sidemenu&quot;:&quot;false&quot;,&quot;hoteller_ext_link_fullmenu&quot;:&quot;false&quot;,&quot;hoteller_ext_link_closed_fullmenu&quot;:&quot;false&quot;,&quot;hoteller_ext_is_scrollme&quot;:&quot;false&quot;,&quot;hoteller_ext_is_smoove&quot;:&quot;false&quot;,&quot;hoteller_ext_is_parallax_mouse&quot;:&quot;false&quot;,&quot;hoteller_ext_is_infinite&quot;:&quot;false&quot;,&quot;hoteller_ext_is_fadeout_animation&quot;:&quot;false&quot;,&quot;hoteller_ext_mobile_static&quot;:&quot;false&quot;}\">\n\t\t\t\t\t<div class=\"e-con-inner\">\n\t\t\t\t<div class=\"elementor-element elementor-element-8074fbc elementor-widget elementor-widget-hoteller-blog-posts\" data-id=\"8074fbc\" data-element_type=\"widget\" data-settings=\"{&quot;hoteller_ext_link_sidemenu&quot;:&quot;false&quot;,&quot;hoteller_ext_link_fullmenu&quot;:&quot;false&quot;,&quot;hoteller_ext_link_closed_fullmenu&quot;:&quot;false&quot;,&quot;hoteller_ext_is_scrollme&quot;:&quot;false&quot;,&quot;hoteller_ext_is_smoove&quot;:&quot;false&quot;,&quot;hoteller_ext_is_parallax_mouse&quot;:&quot;false&quot;,&quot;hoteller_ext_is_infinite&quot;:&quot;false&quot;,&quot;hoteller_ext_is_fadeout_animation&quot;:&quot;false&quot;,&quot;hoteller_ext_mobile_static&quot;:&quot;false&quot;}\" data-widget_type=\"hoteller-blog-posts.default\">\n\t\t\t\t<div class=\"elementor-widget-container\">\n\t\t\t\t\t<div class=\"blog_post_content_wrapper layout_grid\">\n<!-- Begin each blog post -->\n<div class=\"blog-posts-grid post-3637 post type-post status-publish format-standard has-post-thumbnail hentry category-statii tag-velingrad tag-gastronomicheski-skrovishha tag-mineralni-vodi tag-spa-izzhivyavaniya tag-uyutni-apartamenti\">\n\n\t<div class=\"post_wrapper\">\n\t\t\n\t\t\t\t    <div class=\"post_img static\">\n\t\t\t    \t\t\t    <div class=\"post_img_hover\">\n\t\t\t     \t\t\t\t\t     <img decoding=\"async\"  src=\"https:\/\/velingradsuites.com\/wp-content\/uploads\/2025\/08\/velingrad_uyut.png-960x604.jpg\" class=\"\" alt=\"Velingrad Uyut: Spa und Gastronomie\"\/>\n\t\t\t\t     \t\t\t     \t\t\t\t     \t<a href=\"https:\/\/velingradsuites.com\/de\/statii\/velingrad-uyut\/\"><\/a>\n\t\t\t    <\/div>\n\t\t    <\/div>\n\t\t\t    \n\t    <div class=\"post_content_wrapper text_\">\n\t\t    \n\t\t    <div class=\"post_header\">\n\t\t\t    \t\t\t    <div class=\"post_detail single_post\">\n\t\t\t    \t<span class=\"post_info_cat\">\n\t\t\t\t\t\t\t\t\t\t\t\t      \t<a href=\"https:\/\/velingradsuites.com\/de\/statii\/\">Artikel<\/a>\n\t\t\t\t\t\t\t\t\t    \t<\/span>\n\t\t\t \t<\/div>\n\t\t\t \t\t\t\t\t<div class=\"post_header_title\">\n\t\t\t\t    <h5><a href=\"https:\/\/velingradsuites.com\/de\/statii\/velingrad-uyut\/\" title=\"13 Gr\u00fcnde, Velingrad Uyut f\u00fcr Ihr Spa- und Gastronomie-Abenteuer zu w\u00e4hlen!\">13 Gr\u00fcnde, Velingrad Uyut f\u00fcr Ihr Spa- und Gastronomie-Abenteuer zu w\u00e4hlen!<\/a><\/h5>\n\t\t\t\t<\/div>\n\t\t\t<\/div>\n\t    \n\t\t\t<div class=\"post_header_wrapper\">\n\t\t\t\t<p>Velingrad: Ihr gem\u00fctlicher Reisef\u00fchrer f\u00fcr Apartments, Spa...<\/p>\t\t\t    \t\t\t    <div class=\"post_button_wrapper\">\n\t\t\t    \t<div class=\"post_attribute\">\n\t\t\t\t\t    <a href=\"https:\/\/velingradsuites.com\/de\/statii\/velingrad-uyut\/\" title=\"13 Gr\u00fcnde, Velingrad Uyut f\u00fcr Ihr Spa- und Gastronomie-Abenteuer zu w\u00e4hlen!\">15.08.2025<\/a>\n\t\t\t\t\t<\/div>\n\t\t\t    <\/div>\n\t\t\t    \t\t\t<\/div>\n\t    <\/div>\n\t    \n\t<\/div>\n\n<\/div>\n\n<!-- End each blog post --><!-- Begin each blog post -->\n<div class=\"blog-posts-grid post-3620 post type-post status-publish format-standard has-post-thumbnail hentry category-statii tag-velikdenski-priklyucheniya tag-velingrad tag-zhivopisna-priroda tag-kulinarni-nasladi tag-mineralni-izvori\">\n\n\t<div class=\"post_wrapper\">\n\t\t\n\t\t\t\t    <div class=\"post_img static\">\n\t\t\t    \t\t\t    <div class=\"post_img_hover\">\n\t\t\t     \t\t\t\t\t     <img decoding=\"async\"  src=\"https:\/\/velingradsuites.com\/wp-content\/uploads\/2025\/08\/priklyucheniya_vv_velingrad.png-960x604.jpg\" class=\"\" alt=\"Abenteuer in Velingrad: einzigartige Apartments\"\/>\n\t\t\t\t     \t\t\t     \t\t\t\t     \t<a href=\"https:\/\/velingradsuites.com\/de\/statii\/priklyucheniya-vv-velingrad\/\"><\/a>\n\t\t\t    <\/div>\n\t\t    <\/div>\n\t\t\t    \n\t    <div class=\"post_content_wrapper text_\">\n\t\t    \n\t\t    <div class=\"post_header\">\n\t\t\t    \t\t\t    <div class=\"post_detail single_post\">\n\t\t\t    \t<span class=\"post_info_cat\">\n\t\t\t\t\t\t\t\t\t\t\t\t      \t<a href=\"https:\/\/velingradsuites.com\/de\/statii\/\">Artikel<\/a>\n\t\t\t\t\t\t\t\t\t    \t<\/span>\n\t\t\t \t<\/div>\n\t\t\t \t\t\t\t\t<div class=\"post_header_title\">\n\t\t\t\t    <h5><a href=\"https:\/\/velingradsuites.com\/de\/statii\/priklyucheniya-vv-velingrad\/\" title=\"12 unvergessliche Abenteuer in Velingrad: Apartments mit einzigartigen Sehensw\u00fcrdigkeiten und kulinarischen K\u00f6stlichkeiten!\">12 unvergessliche Abenteuer in Velingrad: Apartments mit einzigartigen Sehensw\u00fcrdigkeiten und kulinarischen K\u00f6stlichkeiten!<\/a><\/h5>\n\t\t\t\t<\/div>\n\t\t\t<\/div>\n\t    \n\t\t\t<div class=\"post_header_wrapper\">\n\t\t\t\t<p>Velingrad-Abenteuer: Entdecken Sie die Apartments mit ...<\/p>\t\t\t    \t\t\t    <div class=\"post_button_wrapper\">\n\t\t\t    \t<div class=\"post_attribute\">\n\t\t\t\t\t    <a href=\"https:\/\/velingradsuites.com\/de\/statii\/priklyucheniya-vv-velingrad\/\" title=\"12 unvergessliche Abenteuer in Velingrad: Apartments mit einzigartigen Sehensw\u00fcrdigkeiten und kulinarischen K\u00f6stlichkeiten!\">12.08.2025<\/a>\n\t\t\t\t\t<\/div>\n\t\t\t    <\/div>\n\t\t\t    \t\t\t<\/div>\n\t    <\/div>\n\t    \n\t<\/div>\n\n<\/div>\n\n<!-- End each blog post --><!-- Begin each blog post -->\n<div class=\"blog-posts-grid post-3613 post type-post status-publish format-standard hentry category-statii tag-apartamenti tag-velingrad tag-mineralni-izvori tag-pochivka tag-speczialiteti\">\n\n\t<div class=\"post_wrapper\">\n\t\t\n\t\t\t    \n\t    <div class=\"post_content_wrapper text_\">\n\t\t    \n\t\t    <div class=\"post_header\">\n\t\t\t    \t\t\t    <div class=\"post_detail single_post\">\n\t\t\t    \t<span class=\"post_info_cat\">\n\t\t\t\t\t\t\t\t\t\t\t\t      \t<a href=\"https:\/\/velingradsuites.com\/de\/statii\/\">Artikel<\/a>\n\t\t\t\t\t\t\t\t\t    \t<\/span>\n\t\t\t \t<\/div>\n\t\t\t \t\t\t\t\t<div class=\"post_header_title\">\n\t\t\t\t    <h5><a href=\"https:\/\/velingradsuites.com\/de\/statii\/velingradski-apartamenti-11\/\" title=\"11 Velingrad Apartments und Spezialit\u00e4ten f\u00fcr unvergessliche Momente!\">11 Velingrad Apartments und Spezialit\u00e4ten f\u00fcr unvergessliche Momente!<\/a><\/h5>\n\t\t\t\t<\/div>\n\t\t\t<\/div>\n\t    \n\t\t\t<div class=\"post_header_wrapper\">\n\t\t\t\t<p>Velingrad Secrets: Die besten Apartments und ...<\/p>\t\t\t    \t\t\t    <div class=\"post_button_wrapper\">\n\t\t\t    \t<div class=\"post_attribute\">\n\t\t\t\t\t    <a href=\"https:\/\/velingradsuites.com\/de\/statii\/velingradski-apartamenti-11\/\" title=\"11 Velingrad Apartments und Spezialit\u00e4ten f\u00fcr unvergessliche Momente!\">09.08.2025<\/a>\n\t\t\t\t\t<\/div>\n\t\t\t    <\/div>\n\t\t\t    \t\t\t<\/div>\n\t    <\/div>\n\t    \n\t<\/div>\n\n<\/div>\n\n<!-- End each blog post --><!-- Begin each blog post -->\n<div class=\"blog-posts-grid post-3607 post type-post status-publish format-standard hentry category-statii tag-vakancziya tag-velingrad tag-lechenie tag-spa-stolicza tag-uyutni-apartamenti\">\n\n\t<div class=\"post_wrapper\">\n\t\t\n\t\t\t    \n\t    <div class=\"post_content_wrapper text_\">\n\t\t    \n\t\t    <div class=\"post_header\">\n\t\t\t    \t\t\t    <div class=\"post_detail single_post\">\n\t\t\t    \t<span class=\"post_info_cat\">\n\t\t\t\t\t\t\t\t\t\t\t\t      \t<a href=\"https:\/\/velingradsuites.com\/de\/statii\/\">Artikel<\/a>\n\t\t\t\t\t\t\t\t\t    \t<\/span>\n\t\t\t \t<\/div>\n\t\t\t \t\t\t\t\t<div class=\"post_header_title\">\n\t\t\t\t    <h5><a href=\"https:\/\/velingradsuites.com\/de\/statii\/velingrad-uyutni-apartamenti-2\/\" title=\"7 Gr\u00fcnde, sich f\u00fcr die Velingrad Cozy Apartments f\u00fcr den perfekten Urlaub mit Behandlung und K\u00f6stlichkeiten zu entscheiden!\">7 Gr\u00fcnde, sich f\u00fcr die Velingrad Cozy Apartments f\u00fcr den perfekten Urlaub mit Behandlung und K\u00f6stlichkeiten zu entscheiden!<\/a><\/h5>\n\t\t\t\t<\/div>\n\t\t\t<\/div>\n\t    \n\t\t\t<div class=\"post_header_wrapper\">\n\t\t\t\t<p>Velingrad auf Vitaminen: Entdecken Sie die Apartments mit Gem\u00fctlichkeit, \u2026<\/p>\t\t\t    \t\t\t    <div class=\"post_button_wrapper\">\n\t\t\t    \t<div class=\"post_attribute\">\n\t\t\t\t\t    <a href=\"https:\/\/velingradsuites.com\/de\/statii\/velingrad-uyutni-apartamenti-2\/\" title=\"7 Gr\u00fcnde, sich f\u00fcr die Velingrad Cozy Apartments f\u00fcr den perfekten Urlaub mit Behandlung und K\u00f6stlichkeiten zu entscheiden!\">05.08.2025<\/a>\n\t\t\t\t\t<\/div>\n\t\t\t    <\/div>\n\t\t\t    \t\t\t<\/div>\n\t    <\/div>\n\t    \n\t<\/div>\n\n<\/div>\n\n<!-- End each blog post --><!-- Begin each blog post -->\n<div class=\"blog-posts-grid post-3600 post type-post status-publish format-standard has-post-thumbnail hentry category-statii tag-velingrad tag-kurorten-turizm tag-mineralni-izvori tag-skriti-zabelezhitelnosti tag-unikalni-prezhivyavaniya\">\n\n\t<div class=\"post_wrapper\">\n\t\t\n\t\t\t\t    <div class=\"post_img static\">\n\t\t\t    \t\t\t    <div class=\"post_img_hover\">\n\t\t\t     \t\t\t\t\t     <img decoding=\"async\"  src=\"https:\/\/velingradsuites.com\/wp-content\/uploads\/2025\/07\/skritite_zabelezhitelnosti_velingrad.png-960x604.jpg\" class=\"\" alt=\"&quot;Versteckte Sehensw\u00fcrdigkeiten Velingrad - Geheime Wohnungen&quot;\"\/>\n\t\t\t\t     \t\t\t     \t\t\t\t     \t<a href=\"https:\/\/velingradsuites.com\/de\/statii\/skritite-zabelezhitelnosti-velingrad\/\"><\/a>\n\t\t\t    <\/div>\n\t\t    <\/div>\n\t\t\t    \n\t    <div class=\"post_content_wrapper text_\">\n\t\t    \n\t\t    <div class=\"post_header\">\n\t\t\t    \t\t\t    <div class=\"post_detail single_post\">\n\t\t\t    \t<span class=\"post_info_cat\">\n\t\t\t\t\t\t\t\t\t\t\t\t      \t<a href=\"https:\/\/velingradsuites.com\/de\/statii\/\">Artikel<\/a>\n\t\t\t\t\t\t\t\t\t    \t<\/span>\n\t\t\t \t<\/div>\n\t\t\t \t\t\t\t\t<div class=\"post_header_title\">\n\t\t\t\t    <h5><a href=\"https:\/\/velingradsuites.com\/de\/statii\/skritite-zabelezhitelnosti-velingrad\/\" title=\"\u201e8 versteckte Sehensw\u00fcrdigkeiten von Velingrad, die Sie in geheimen Wohnungen entdecken m\u00fcssen!\u201c\">\u201e8 versteckte Sehensw\u00fcrdigkeiten von Velingrad, die Sie in geheimen Wohnungen entdecken m\u00fcssen!\u201c<\/a><\/h5>\n\t\t\t\t<\/div>\n\t\t\t<\/div>\n\t    \n\t\t\t<div class=\"post_header_wrapper\">\n\t\t\t\t<p>\u201eVelingrad in Ihrer Handfl\u00e4che: Versteckte Wohnungen und Geheimnisse \u2026\u201c<\/p>\t\t\t    \t\t\t    <div class=\"post_button_wrapper\">\n\t\t\t    \t<div class=\"post_attribute\">\n\t\t\t\t\t    <a href=\"https:\/\/velingradsuites.com\/de\/statii\/skritite-zabelezhitelnosti-velingrad\/\" title=\"\u201e8 versteckte Sehensw\u00fcrdigkeiten von Velingrad, die Sie in geheimen Wohnungen entdecken m\u00fcssen!\u201c\">02.08.2025<\/a>\n\t\t\t\t\t<\/div>\n\t\t\t    <\/div>\n\t\t\t    \t\t\t<\/div>\n\t    <\/div>\n\t    \n\t<\/div>\n\n<\/div>\n\n<!-- End each blog post --><!-- Begin each blog post -->\n<div class=\"blog-posts-grid post-3595 post type-post status-publish format-standard has-post-thumbnail hentry category-statii tag-apartamenti tag-velingrad tag-mineralni-izvori tag-nastanyavane tag-podbalkanski-istorii\">\n\n\t<div class=\"post_wrapper\">\n\t\t\n\t\t\t\t    <div class=\"post_img static\">\n\t\t\t    \t\t\t    <div class=\"post_img_hover\">\n\t\t\t     \t\t\t\t\t     <img decoding=\"async\"  src=\"https:\/\/velingradsuites.com\/wp-content\/uploads\/2025\/07\/velingradski_apartamenti.png-2-960x604.jpg\" class=\"\" alt=\"Velingrader Wohnungen mit Geschichte\"\/>\n\t\t\t\t     \t\t\t     \t\t\t\t     \t<a href=\"https:\/\/velingradsuites.com\/de\/statii\/velingradski-apartamenti-10\/\"><\/a>\n\t\t\t    <\/div>\n\t\t    <\/div>\n\t\t\t    \n\t    <div class=\"post_content_wrapper text_\">\n\t\t    \n\t\t    <div class=\"post_header\">\n\t\t\t    \t\t\t    <div class=\"post_detail single_post\">\n\t\t\t    \t<span class=\"post_info_cat\">\n\t\t\t\t\t\t\t\t\t\t\t\t      \t<a href=\"https:\/\/velingradsuites.com\/de\/statii\/\">Artikel<\/a>\n\t\t\t\t\t\t\t\t\t    \t<\/span>\n\t\t\t \t<\/div>\n\t\t\t \t\t\t\t\t<div class=\"post_header_title\">\n\t\t\t\t    <h5><a href=\"https:\/\/velingradsuites.com\/de\/statii\/velingradski-apartamenti-10\/\" title=\"9 Velingrad-Apartments mit unerz\u00e4hlten Geschichten vom Balkan!\">9 Velingrad-Apartments mit unerz\u00e4hlten Geschichten vom Balkan!<\/a><\/h5>\n\t\t\t\t<\/div>\n\t\t\t<\/div>\n\t    \n\t\t\t<div class=\"post_header_wrapper\">\n\t\t\t\t<p>Velingrad: Die Geheimnisse der besten Apartments und ...<\/p>\t\t\t    \t\t\t    <div class=\"post_button_wrapper\">\n\t\t\t    \t<div class=\"post_attribute\">\n\t\t\t\t\t    <a href=\"https:\/\/velingradsuites.com\/de\/statii\/velingradski-apartamenti-10\/\" title=\"9 Velingrad-Apartments mit unerz\u00e4hlten Geschichten vom Balkan!\">30.07.2025<\/a>\n\t\t\t\t\t<\/div>\n\t\t\t    <\/div>\n\t\t\t    \t\t\t<\/div>\n\t    <\/div>\n\t    \n\t<\/div>\n\n<\/div>\n\n<!-- End each blog post --><\/div>\n<div class=\"pagination blog-posts-grid\"><span class=\"current\">1<\/span><a href='https:\/\/velingradsuites.com\/de\/wp-json\/wp\/v2\/pages\/1823\/page\/2\/' class=\"inactive\">2<\/a><a href='https:\/\/velingradsuites.com\/de\/wp-json\/wp\/v2\/pages\/1823\/page\/3\/' class=\"inactive\">3<\/a><a href='https:\/\/velingradsuites.com\/de\/wp-json\/wp\/v2\/pages\/1823\/page\/4\/' class=\"inactive\">4<\/a><a href='https:\/\/velingradsuites.com\/de\/wp-json\/wp\/v2\/pages\/1823\/page\/5\/' class=\"inactive\">5<\/a><a href=\"https:\/\/velingradsuites.com\/de\/wp-json\/wp\/v2\/pages\/1823\/page\/2\/\">N\u00e4chste &gt;<\/a><a href='https:\/\/velingradsuites.com\/de\/wp-json\/wp\/v2\/pages\/1823\/page\/18\/'>Zuletzt &quot;<\/a><\/div>\t\t\t<div class=\"pagination_detail blog-posts-grid\">\n\t\t    \tPage 1 of 18\t\t    <\/div>\n<br class=\"clear\"\/>\t\t\t\t<\/div>\n\t\t\t\t<\/div>\n\t\t\t\t\t<\/div>\n\t\t\t\t<\/div>\n\t\t\t\t<\/div>","protected":false},"excerpt":{"rendered":"<p>Unkategorisiert Hallo, Frieden! Willkommen bei WordPress. Dies ist Ihr erster Beitrag... 12.08.2024 Unkategorisiert Hallo Welt! Willkommen bei Hotels | Boutique-Hotel-WordPress-Theme-Sites. Dies ist Ihr erster Beitrag. Bearbeiten oder l\u00f6schen\u2026 04.04.2022 Unkategorisiert Hallo Welt! Willkommen bei Hoteller [\u2026]<\/p>","protected":false},"author":1,"featured_media":0,"parent":0,"menu_order":0,"comment_status":"closed","ping_status":"closed","template":"","meta":{"footnotes":""},"class_list":["post-1823","page","type-page","status-publish","hentry"],"_links":{"self":[{"href":"https:\/\/velingradsuites.com\/de\/wp-json\/wp\/v2\/pages\/1823","targetHints":{"allow":["GET"]}}],"collection":[{"href":"https:\/\/velingradsuites.com\/de\/wp-json\/wp\/v2\/pages"}],"about":[{"href":"https:\/\/velingradsuites.com\/de\/wp-json\/wp\/v2\/types\/page"}],"author":[{"embeddable":true,"href":"https:\/\/velingradsuites.com\/de\/wp-json\/wp\/v2\/users\/1"}],"replies":[{"embeddable":true,"href":"https:\/\/velingradsuites.com\/de\/wp-json\/wp\/v2\/comments?post=1823"}],"version-history":[{"count":4,"href":"https:\/\/velingradsuites.com\/de\/wp-json\/wp\/v2\/pages\/1823\/revisions"}],"predecessor-version":[{"id":1996,"href":"https:\/\/velingradsuites.com\/de\/wp-json\/wp\/v2\/pages\/1823\/revisions\/1996"}],"wp:attachment":[{"href":"https:\/\/velingradsuites.com\/de\/wp-json\/wp\/v2\/media?parent=1823"}],"curies":[{"name":"wp","href":"https:\/\/api.w.org\/{rel}","templated":true}]}}