{"id":1933,"date":"2024-08-15T16:39:13","date_gmt":"2024-08-15T13:39:13","guid":{"rendered":"https:\/\/velingradsuites.com\/?page_id=1933"},"modified":"2025-10-04T09:57:05","modified_gmt":"2025-10-04T06:57:05","slug":"rekviziti-za-plashhane","status":"publish","type":"page","link":"https:\/\/velingradsuites.com\/de\/rekviziti-za-plashhane\/","title":{"rendered":"Zahlungsdetails"},"content":{"rendered":"<h3 class=\"wp-block-heading\">Zahlungsdetails<\/h3>\r\n\r\n\r\n\r\n<p>Um Ihre Buchung zu bezahlen, verwenden Sie bitte die folgenden Bankdaten:<\/p>\r\n\r\n\r\n\r\n<p><strong>Kunde:<\/strong><br \/>\u041f\u0420\u0415\u0421\u0422\u0418\u0416 \u2013 \u0420\u041e \u0415\u041e\u041e\u0414<\/p>\r\n\r\n\r\n\r\n<p><strong>BIC:<\/strong><br \/>BPBIBGSF<\/p>\r\n\r\n\r\n\r\n<p><strong>IBAN:<\/strong><br \/>BG08 BPBI 7930 1036 7601 01<\/p>\r\n\r\n\r\n\r\n<p><strong>W\u00e4hrungstyp:<\/strong><br \/>BGN (Bulgarischer Lew)<\/p>\r\n\r\n\r\n<hr class=\"wp-block-separator has-alpha-channel-opacity\" \/>\r\n\r\n\r\n<p>Bitte stellen Sie sicher, dass Sie bei der Zahlung alle erforderlichen Angaben korrekt machen, um Verz\u00f6gerungen bei der Bearbeitung Ihrer Buchung zu vermeiden. Wenn Sie weitere Informationen oder Hilfe ben\u00f6tigen, z\u00f6gern Sie bitte nicht, uns zu kontaktieren.<\/p>","protected":false},"excerpt":{"rendered":"<p>\u0420\u0435\u043a\u0432\u0438\u0437\u0438\u0442\u0438 \u0437\u0430 \u043f\u043b\u0430\u0449\u0430\u043d\u0435 \u0417\u0430 \u0434\u0430 \u0438\u0437\u0432\u044a\u0440\u0448\u0438\u0442\u0435 \u043f\u043b\u0430\u0449\u0430\u043d\u0435 \u0437\u0430 \u0432\u0430\u0448\u0430\u0442\u0430 \u0440\u0435\u0437\u0435\u0440\u0432\u0430\u0446\u0438\u044f, \u043c\u043e\u043b\u044f \u0438\u0437\u043f\u043e\u043b\u0437\u0432\u0430\u0439\u0442\u0435 \u0441\u043b\u0435\u0434\u043d\u0438\u0442\u0435 \u0431\u0430\u043d\u043a\u043e\u0432\u0438 \u0440\u0435\u043a\u0432\u0438\u0437\u0438\u0442\u0438: \u041a\u043b\u0438\u0435\u043d\u0442:\u041f\u0420\u0415\u0421\u0422\u0418\u0416 &#8211; \u0420\u041e \u0415\u041e\u041e\u0414 BIC:BPBIBGSF IBAN:BG08 BPBI 7930 1036 7601 01 \u0412\u0438\u0434 \u0432\u0430\u043b\u0443\u0442\u0430:BGN (\u0411\u044a\u043b\u0433\u0430\u0440\u0441\u043a\u0438 \u043b\u0435\u0432) \u041c\u043e\u043b\u044f, \u0443\u0432\u0435\u0440\u0435\u0442\u0435 \u0441\u0435, \u0447\u0435 \u0441\u0442\u0435 \u043f\u043e\u043f\u044a\u043b\u043d\u0438\u043b\u0438 \u0432\u0441\u0438\u0447\u043a\u0438 \u043d\u0435\u043e\u0431\u0445\u043e\u0434\u0438\u043c\u0438 \u0434\u0430\u043d\u043d\u0438 \u043f\u0440\u0430\u0432\u0438\u043b\u043d\u043e [&hellip;]<\/p>","protected":false},"author":1,"featured_media":0,"parent":0,"menu_order":0,"comment_status":"closed","ping_status":"closed","template":"","meta":{"footnotes":""},"class_list":["post-1933","page","type-page","status-publish","hentry"],"_links":{"self":[{"href":"https:\/\/velingradsuites.com\/de\/wp-json\/wp\/v2\/pages\/1933","targetHints":{"allow":["GET"]}}],"collection":[{"href":"https:\/\/velingradsuites.com\/de\/wp-json\/wp\/v2\/pages"}],"about":[{"href":"https:\/\/velingradsuites.com\/de\/wp-json\/wp\/v2\/types\/page"}],"author":[{"embeddable":true,"href":"https:\/\/velingradsuites.com\/de\/wp-json\/wp\/v2\/users\/1"}],"replies":[{"embeddable":true,"href":"https:\/\/velingradsuites.com\/de\/wp-json\/wp\/v2\/comments?post=1933"}],"version-history":[{"count":4,"href":"https:\/\/velingradsuites.com\/de\/wp-json\/wp\/v2\/pages\/1933\/revisions"}],"predecessor-version":[{"id":3665,"href":"https:\/\/velingradsuites.com\/de\/wp-json\/wp\/v2\/pages\/1933\/revisions\/3665"}],"wp:attachment":[{"href":"https:\/\/velingradsuites.com\/de\/wp-json\/wp\/v2\/media?parent=1933"}],"curies":[{"name":"wp","href":"https:\/\/api.w.org\/{rel}","templated":true}]}}