{"id":1563,"date":"2022-05-26T08:53:04","date_gmt":"2022-05-26T08:53:04","guid":{"rendered":"https:\/\/hotellerv5.themegoods.com\/classic\/?page_id=1563"},"modified":"2024-08-17T19:21:55","modified_gmt":"2024-08-17T16:21:55","slug":"terms-conditions","status":"publish","type":"page","link":"https:\/\/velingradsuites.com\/es\/terms-conditions\/","title":{"rendered":"Condiciones de reserva"},"content":{"rendered":"<h3 class=\"wp-block-heading\">Proceso de Reserva<\/h3>\n\n\n\n<p>Para reservar con nosotros, el hu\u00e9sped principal debe tener al menos 18 a\u00f1os. El n\u00famero m\u00e1ximo de hu\u00e9spedes en una habitaci\u00f3n se indica en la informaci\u00f3n de ocupaci\u00f3n de habitaciones en nuestro sitio. Si la persona que realiza la reserva no es el hu\u00e9sped principal que se alojar\u00e1, la persona que realiza la reserva puede ser responsable de cancelaciones, no presentaciones y da\u00f1os como se describe a continuaci\u00f3n. S\u00f3lo el hu\u00e9sped principal y las personas nombradas en la reserva pueden utilizar la propiedad y sus comodidades. Cualquier tercero que desee acceder a la propiedad deber\u00e1 obtener nuestro permiso expreso.<\/p>\n\n\n\n<h3 class=\"wp-block-heading\">Dep\u00f3sito<\/h3>\n\n\n\n<p>Para confirmar la reserva requerimos un dep\u00f3sito por adelantado. El importe de la fianza es de 100 euros. El dep\u00f3sito debe &quot;liberarse&quot; antes de que se pueda confirmar la reserva. Los dep\u00f3sitos son reembolsables \u00fanicamente bajo las condiciones establecidas en este documento.<\/p>\n\n\n\n<h3 class=\"wp-block-heading\">Pagos<\/h3>\n\n\n\n<p>Los pagos pueden realizarse mediante transferencia bancaria o efectivo. Cualquier tarifa cobrada por nuestros bancos por procesar transferencias bancarias u otros pagos debe ser reembolsada por el hu\u00e9sped principal dentro de los siete (7) d\u00edas a partir de la fecha de la solicitud.<\/p>\n\n\n\n<h3 class=\"wp-block-heading\">Respeto por los dem\u00e1s hu\u00e9spedes.<\/h3>\n\n\n\n<p>Todos los hu\u00e9spedes se comprometen a respetar siempre la privacidad y tranquilidad de los dem\u00e1s hu\u00e9spedes, vecinos y propietarios. Nos reservamos el derecho de cancelar la reserva inmediatamente si los hu\u00e9spedes no cumplen con los t\u00e9rminos de este acuerdo o causan molestias a otros hu\u00e9spedes, vecinos o propietarios.<\/p>\n\n\n\n<h3 class=\"wp-block-heading\">Entrada y salida<\/h3>\n\n\n\n<p>Los hu\u00e9spedes deben realizar el check-in y check-out dentro de los siguientes horarios:<\/p>\n\n\n\n<ul class=\"wp-block-list\">\n<li><strong>Alojamiento<\/strong>: de 14:00 a 19:00 el d\u00eda de llegada.<\/li>\n\n\n\n<li><strong>Partida<\/strong>: hasta las 11:00 horas del d\u00eda de salida.<\/li>\n<\/ul>\n\n\n\n<h3 class=\"wp-block-heading\">Cancelaci\u00f3n de Reserva y Reembolso de Dep\u00f3sito<\/h3>\n\n\n\n<p>Los hu\u00e9spedes que necesiten cancelar una reserva deben comunicarse con nosotros lo antes posible. Los dep\u00f3sitos realizados est\u00e1n sujetos a reembolso \u00fanicamente sujeto a las siguientes condiciones:<\/p>\n\n\n\n<ul class=\"wp-block-list\">\n<li><strong>Cancelaci\u00f3n de la reserva 15 y m\u00e1s d\u00edas antes de la fecha de check-in<\/strong> = reembolso completo del dep\u00f3sito.<\/li>\n\n\n\n<li><strong>Cancelaci\u00f3n de la reserva 14 d\u00edas o menos antes de la fecha de check-in<\/strong> = reembolso de 50% del dep\u00f3sito.<\/li>\n\n\n\n<li><strong>Cancelaci\u00f3n 48 horas o menos antes de la fecha de check-in<\/strong> = no hay reembolso, se debe pagar el importe total de la reserva.<\/li>\n<\/ul>\n\n\n\n<p>Los hu\u00e9spedes que no se presenten o no lleguen por cualquier motivo perder\u00e1n el dep\u00f3sito y el importe total de la reserva. Recomendamos a los hu\u00e9spedes que contraten un seguro de vacaciones\/cancelaci\u00f3n adecuado si es necesario.<\/p>\n\n\n\n<h3 class=\"wp-block-heading\">Pol\u00edtica de uso justo y Wi-Fi<\/h3>\n\n\n\n<p>Si el acceso a Internet se proporciona a trav\u00e9s de Wi-Fi, los hu\u00e9spedes aceptan utilizar este acceso de manera justa y correcta. Podemos monitorear el rendimiento de la red y el uso de los usuarios para mantener un servicio justo y de alta calidad para todos nuestros hu\u00e9spedes.<\/p>\n\n\n\n<p>El acceso a Internet proporcionado es para uso general, como acceso a Internet, correo electr\u00f3nico, mensajer\u00eda, redes sociales, video ligero\/m\u00fasica\/transmisi\u00f3n multimedia. No est\u00e1 dise\u00f1ado para transmisi\u00f3n masiva de medios, juegos en l\u00ednea ni descargas\/cargas extensas. El acceso a actividades ilegales o el uso de nuestra red para actividades ilegales est\u00e1 prohibido y ser\u00e1 informado a las autoridades locales.<\/p>\n\n\n\n<h3 class=\"wp-block-heading\">Da\u00f1os y art\u00edculos perdidos<\/h3>\n\n\n\n<p>Nos reservamos el derecho de cobrarle al hu\u00e9sped principal por cualquier da\u00f1o causado durante la estad\u00eda por cualquier miembro del grupo. Esto incluye roturas, derrames, manchas, da\u00f1os a muebles o equipos. Cualquier da\u00f1o accidental debe informarse lo antes posible para minimizar los da\u00f1os y los costos asociados. Si se pierden las llaves\/tarjetas de acceso, se cobrar\u00e1 una tarifa para reemplazar la llave\/tarjeta.<\/p>\n\n\n\n<p>Todos los art\u00edculos perdidos, si son descubiertos y encontrados, dejados por los hu\u00e9spedes durante la estancia se almacenar\u00e1n durante 1 mes. Haremos todo lo posible para devolver los objetos perdidos a sus propietarios, pero no aceptamos la responsabilidad de reemplazarlos y pedimos a los hu\u00e9spedes que se aseguren de tener todas sus pertenencias antes de la salida. Podemos ofrecer el env\u00edo de los art\u00edculos perdidos mediante entrega certificada a cargo del propietario; de lo contrario, se puede organizar la recogida.<\/p>\n\n\n\n<h3 class=\"wp-block-heading\">De fumar<\/h3>\n\n\n\n<p>Se permite fumar todos los productos de tabaco, incluidos, entre otros, cigarrillos, pipas, cigarrillos electr\u00f3nicos, l\u00edquidos electr\u00f3nicos, cigarros, snus o tabaco de mascar, solo en \u00e1reas designadas de la propiedad y de acuerdo con la Ley de Salud del a\u00f1o 2006.<\/p>\n\n\n\n<h3 class=\"wp-block-heading\">Mascotas y perros de servicio<\/h3>\n\n\n\n<p>No aceptamos mascotas.<\/p>\n\n\n\n<h3 class=\"wp-block-heading\">Aparcamiento<\/h3>\n\n\n\n<p>Si hay estacionamiento disponible en las instalaciones, los hu\u00e9spedes aceptan estacionar sus veh\u00edculos bajo su propia responsabilidad.<\/p>\n\n\n\n<h3 class=\"wp-block-heading\">Condiciones de estancia<\/h3>\n\n\n\n<ul class=\"wp-block-list\">\n<li>Aceptamos ni\u00f1os de todas las edades.<\/li>\n\n\n\n<li>El precio del alojamiento para ni\u00f1os de hasta 12 a\u00f1os es de 30,00 BGN por ni\u00f1o y d\u00eda.<\/li>\n\n\n\n<li>El n\u00famero m\u00e1ximo de hu\u00e9spedes en una habitaci\u00f3n es de 4 personas.<\/li>\n\n\n\n<li>Hay conexi\u00f3n Wi-Fi gratuita disponible en todo el hotel.<\/li>\n\n\n\n<li>Hay aparcamiento gratuito disponible seg\u00fan disponibilidad.<\/li>\n\n\n\n<li>Est\u00e1 prohibido fumar.<\/li>\n\n\n\n<li>No se permiten mascotas.<\/li>\n\n\n\n<li>Est\u00e1n prohibidas las fiestas\/eventos.<\/li>\n<\/ul>\n\n\n\n<h3 class=\"wp-block-heading\">M\u00e9todos de pago<\/h3>\n\n\n\n<ul class=\"wp-block-list\">\n<li>Es posible el pago en efectivo en el acto.<\/li>\n\n\n\n<li>Transferencia bancaria.<\/li>\n<\/ul>","protected":false},"excerpt":{"rendered":"<p>Proceso de reserva Para realizar una reserva con nosotros, el hu\u00e9sped principal debe tener al menos 18 a\u00f1os de edad. El n\u00famero m\u00e1ximo de hu\u00e9spedes en una habitaci\u00f3n se indica en la informaci\u00f3n de ocupaci\u00f3n de habitaciones en nuestro sitio. Si la persona que realiza la reserva [\u2026]<\/p>","protected":false},"author":1,"featured_media":0,"parent":0,"menu_order":0,"comment_status":"closed","ping_status":"closed","template":"","meta":{"footnotes":""},"class_list":["post-1563","page","type-page","status-publish","hentry"],"_links":{"self":[{"href":"https:\/\/velingradsuites.com\/es\/wp-json\/wp\/v2\/pages\/1563","targetHints":{"allow":["GET"]}}],"collection":[{"href":"https:\/\/velingradsuites.com\/es\/wp-json\/wp\/v2\/pages"}],"about":[{"href":"https:\/\/velingradsuites.com\/es\/wp-json\/wp\/v2\/types\/page"}],"author":[{"embeddable":true,"href":"https:\/\/velingradsuites.com\/es\/wp-json\/wp\/v2\/users\/1"}],"replies":[{"embeddable":true,"href":"https:\/\/velingradsuites.com\/es\/wp-json\/wp\/v2\/comments?post=1563"}],"version-history":[{"count":3,"href":"https:\/\/velingradsuites.com\/es\/wp-json\/wp\/v2\/pages\/1563\/revisions"}],"predecessor-version":[{"id":2321,"href":"https:\/\/velingradsuites.com\/es\/wp-json\/wp\/v2\/pages\/1563\/revisions\/2321"}],"wp:attachment":[{"href":"https:\/\/velingradsuites.com\/es\/wp-json\/wp\/v2\/media?parent=1563"}],"curies":[{"name":"wp","href":"https:\/\/api.w.org\/{rel}","templated":true}]}}