{"id":3,"date":"2024-08-12T19:43:17","date_gmt":"2024-08-12T16:43:17","guid":{"rendered":"https:\/\/velingradsuites.com\/?page_id=3"},"modified":"2024-08-17T11:17:00","modified_gmt":"2024-08-17T08:17:00","slug":"privacy-policy","status":"publish","type":"page","link":"https:\/\/velingradsuites.com\/es\/privacy-policy\/","title":{"rendered":"pol\u00edtica de privacidad"},"content":{"rendered":"<p><strong>\u00bfQui\u00e9nes somos?<\/strong><\/p>\n\n\n\n<p>La direcci\u00f3n de nuestro sitio web: <a href=\"https:\/\/velingradsuites.com\/es\/\">https:\/\/velingradsuites.com\/<\/a>.<\/p>\n\n\n\n<p><strong>Comentarios<\/strong><\/p>\n\n\n\n<p>Si un visitante deja un comentario en el sitio, recopilamos los datos especificados en el formulario de comentarios, as\u00ed como la direcci\u00f3n IP del visitante y los datos del agente de usuario del navegador con el fin de detectar spam.<\/p>\n\n\n\n<p>Se puede proporcionar una cadena an\u00f3nima creada a partir de su direcci\u00f3n de correo electr\u00f3nico (&quot;hash&quot;) al servicio Gravatar para determinar si lo est\u00e1 utilizando. La Pol\u00edtica de Privacidad de Gravatar est\u00e1 disponible aqu\u00ed: <a href=\"https:\/\/automattic.com\/privacy\/\" target=\"_blank\" rel=\"noopener\">https:\/\/automattic.com\/privacy\/<\/a>. Una vez que se apruebe el comentario, su foto de perfil ser\u00e1 visible p\u00fablicamente en el contexto del comentario.<\/p>\n\n\n\n<p><strong>Archivos multimedia<\/strong><\/p>\n\n\n\n<p>Si es un usuario registrado y sube fotos al sitio, es una buena idea evitar cargar im\u00e1genes con metadatos EXIF, ya que pueden contener datos GPS sobre su ubicaci\u00f3n. Los visitantes pueden recuperar esta informaci\u00f3n descargando las im\u00e1genes del sitio.<\/p>\n\n\n\n<p><strong>Galletas<\/strong><\/p>\n\n\n\n<p>Si deja un comentario en nuestro sitio, puede optar por guardar su nombre, direcci\u00f3n de correo electr\u00f3nico y sitio web en cookies. Esto es para su comodidad para que no tenga que volver a completar los detalles la pr\u00f3xima vez que comente. Estas cookies se almacenan durante un a\u00f1o.<\/p>\n\n\n\n<p>Si tiene una cuenta en el sitio e inicia sesi\u00f3n, configuraremos una cookie temporal para determinar si su navegador admite cookies. Esta cookie no contiene datos personales y se elimina cuando cierra su navegador.<\/p>\n\n\n\n<p>Al iniciar sesi\u00f3n en la cuenta, tambi\u00e9n configuraremos algunas cookies con detalles de inicio de sesi\u00f3n y configuraciones de pantalla. Las cookies de inicio de sesi\u00f3n se almacenan durante dos d\u00edas y las cookies de configuraci\u00f3n de pantalla durante un a\u00f1o. Si selecciona &quot;Recordarme&quot;, los datos de inicio de sesi\u00f3n se almacenar\u00e1n durante dos semanas. Cuando cierre sesi\u00f3n en la cuenta, las cookies de inicio de sesi\u00f3n se eliminar\u00e1n.<\/p>\n\n\n\n<p>Al editar o publicar un art\u00edculo en el navegador, se guardar\u00e1 una cookie adicional. No contiene datos personales y solo contiene el ID del registro que edit\u00f3. Esta cookie caduca despu\u00e9s de 1 d\u00eda.<\/p>\n\n\n\n<p><strong>Contenido incrustado de otros sitios web<\/strong><\/p>\n\n\n\n<p>Los art\u00edculos de este sitio pueden incluir contenido incrustado (por ejemplo, v\u00eddeos, im\u00e1genes, art\u00edculos, etc.). El contenido incrustado de otros sitios web se comporta igual que si el visitante hubiera visitado el otro sitio web.<\/p>\n\n\n\n<p>Estos sitios web pueden recopilar datos sobre usted, utilizar cookies, incorporar seguimiento adicional de terceros y realizar un seguimiento de su interacci\u00f3n con el contenido incrustado, incluido el seguimiento de su interacci\u00f3n con \u00e9l si tiene una cuenta y ha iniciado sesi\u00f3n en ese sitio.<\/p>\n\n\n\n<p><strong>Con qui\u00e9n compartimos tus datos<\/strong><\/p>\n\n\n\n<p>Si solicita un restablecimiento de contrase\u00f1a, su direcci\u00f3n IP se incluir\u00e1 en el correo electr\u00f3nico de restablecimiento.<\/p>\n\n\n\n<p><strong>Cu\u00e1nto tiempo conservamos tus datos<\/strong><\/p>\n\n\n\n<p>Si deja un comentario, el comentario en s\u00ed y sus metadatos se almacenan indefinidamente. Esto se hace para reconocer y aprobar autom\u00e1ticamente los comentarios posteriores, en lugar de mantenerlos en la cola de aprobaci\u00f3n.<\/p>\n\n\n\n<p>Para los usuarios que se registran en nuestro sitio, tambi\u00e9n almacenamos la informaci\u00f3n personal que proporcionan en sus perfiles. Todos los usuarios pueden ver, editar o eliminar su informaci\u00f3n personal en cualquier momento (excepto el nombre de usuario). Los administradores del sitio web tambi\u00e9n pueden ver y editar esta informaci\u00f3n.<\/p>\n\n\n\n<p><strong>Qu\u00e9 derechos tienes sobre tus datos<\/strong><\/p>\n\n\n\n<p>Si tiene una cuenta en el sitio o ha dejado comentarios, puede solicitar un archivo de exportaci\u00f3n de los datos personales que tenemos sobre usted, incluidos los datos que nos haya proporcionado. Tambi\u00e9n puede solicitar la eliminaci\u00f3n de estos datos. Esto no incluye datos que debemos conservar con fines administrativos, legales o de seguridad.<\/p>\n\n\n\n<p><strong>D\u00f3nde enviamos tus datos<\/strong><\/p>\n\n\n\n<p>Los comentarios de los visitantes pueden ser revisados por un servicio de detecci\u00f3n autom\u00e1tica de spam.<\/p>","protected":false},"excerpt":{"rendered":"<p>Qui\u00e9nes somos La direcci\u00f3n de nuestro sitio web: https:\/\/velingradsuites.com\/. Comentarios Si un visitante deja un comentario en el sitio, recopilamos los datos especificados en el formulario de comentarios, as\u00ed como la direcci\u00f3n IP del visitante y los datos del agente de usuario del navegador con el fin de detectar spam. Anonimizado [\u2026]<\/p>","protected":false},"author":1,"featured_media":0,"parent":0,"menu_order":0,"comment_status":"closed","ping_status":"closed","template":"","meta":{"footnotes":""},"class_list":["post-3","page","type-page","status-publish","hentry"],"_links":{"self":[{"href":"https:\/\/velingradsuites.com\/es\/wp-json\/wp\/v2\/pages\/3","targetHints":{"allow":["GET"]}}],"collection":[{"href":"https:\/\/velingradsuites.com\/es\/wp-json\/wp\/v2\/pages"}],"about":[{"href":"https:\/\/velingradsuites.com\/es\/wp-json\/wp\/v2\/types\/page"}],"author":[{"embeddable":true,"href":"https:\/\/velingradsuites.com\/es\/wp-json\/wp\/v2\/users\/1"}],"replies":[{"embeddable":true,"href":"https:\/\/velingradsuites.com\/es\/wp-json\/wp\/v2\/comments?post=3"}],"version-history":[{"count":3,"href":"https:\/\/velingradsuites.com\/es\/wp-json\/wp\/v2\/pages\/3\/revisions"}],"predecessor-version":[{"id":2266,"href":"https:\/\/velingradsuites.com\/es\/wp-json\/wp\/v2\/pages\/3\/revisions\/2266"}],"wp:attachment":[{"href":"https:\/\/velingradsuites.com\/es\/wp-json\/wp\/v2\/media?parent=3"}],"curies":[{"name":"wp","href":"https:\/\/api.w.org\/{rel}","templated":true}]}}